{"id":39,"date":"2020-09-24T18:06:10","date_gmt":"2020-09-24T18:06:10","guid":{"rendered":"https:\/\/site.sigmasolucoes.ind.br\/wp\/home-3\/"},"modified":"2021-10-18T09:23:04","modified_gmt":"2021-10-18T12:23:04","slug":"home-3","status":"publish","type":"page","link":"https:\/\/site.sigmasolucoes.ind.br\/wp\/","title":{"rendered":"Sigma Solu\u00e7\u00f5es Industriais"},"content":{"rendered":"\n\n\n\n\n\n\n\n\n\n\n\n\n\n\n\n<p>solu\u00e7\u00f5es industriais<\/p>\n\n\n<p style=\"font-size: 14px\">N\u00f3s da Sigma trabalhamos criando solu\u00e7\u00f5es para sua empresa<\/p>\n\n\n\n\n\n\nMiss\u00e3o\n\n\n<p style=\"font-size: 14px\">Nossa Miss\u00e3o<\/p>\n\n\n\n\n\n\n\n\n\n\n\n\n\n\n\n\n\n\nNossos servi\u00e7os\n\n\n\n\n\n\n\n\n\n\n\n\n<p style=\"text-align: center;font-size: 14px\">Turpis in eu mi bibendum neque egestas congue quisque. Eu non diam phasellus vestibulum lorem.<\/p>\n\n\n\n\n\n\n\n\n\n\n\n<p style=\"text-align: center;font-size: 14px\">Turpis in eu mi bibendum neque egestas congue quisque. Eu non diam phasellus vestibulum lorem.<\/p>\n\n\n\n\n\n\n\n\n\n\n\n<p style=\"text-align: center;font-size: 14px\">Turpis in eu mi bibendum neque egestas congue quisque. Eu non diam phasellus vestibulum lorem.<\/p>\n\n\n\n\n\n\n\n\n\noutros servi\u00e7os\n\n\n<p>mais informa\u00e7\u00f5es<\/p>\n\n\n\n\n\n\n\n\n\n\n\n\n\n\n\n\n\n\n\n\n\n\n\n\n\n\n\n\n\n\n\n\n\n\n\n\n\n\n\n\n\n\n\n\n\n\n\n\n\n\n\n\n\n\nWhy choose Us\n\n\n\n\n\n\n\n\n\n\n<p style=\"text-align: center;font-size: 14px\">It is a long established fact that a reader will be distracted by the readable content of a page when looking at its layout. The point of using Lorem Ipsum is that it has a more-or-less normal distribution of letters, as opposed to using &#8216;Content here, content here&#8217;, making it look like readable English.<\/p>\n\n\n\n\n\n\n\n\n\n\n\n\n\n\n<p style=\"font-size: 14px\">Eu turpis egestas pretium aenean pharetra magna ac placerat vestibulum lorem ipsum doler sit a met. Turpis in eu mi bibendum neque egestas congue quisque.\u00a0<\/p>\n\n\n\n\n\n\n\n\n\n\n<p style=\"font-size: 14px\">Eu turpis egestas pretium aenean pharetra magna ac placerat vestibulum lorem ipsum doler sit a met. Turpis in eu mi bibendum neque egestas congue quisque.\u00a0<\/p>\n\n\n\n\n\n\n\n\n\n\n<p style=\"font-size: 14px\">Eu turpis egestas pretium aenean pharetra magna ac placerat vestibulum lorem ipsum doler sit a met. Turpis in eu mi bibendum neque egestas congue quisque.\u00a0<\/p>\n\n\n\n\n\n\n\n\n\n\n\n\n\n\n\n\n\n\n\n\n\n\n\n\n\n\nWHAT PEOPLE SAY\n\n\n\n\n\n\n\n\n\n\n\n<p style=\"text-align: left;font-size: 14px\">Excepteur sint occaecat cupidatat non proident, suntin culpa qui officia deserunt mollit animid est laborum.Phasellus imperdiet lacinia nulla, malesuada semper nibh sodales quis, Duis viverra ipsum dictum.<\/p>\n\n\n\n\n\n\n\n\n\n\n<p style=\"text-align: left;font-size: 14px\">Excepteur sint occaecat cupidatat non proident, suntin culpa qui officia deserunt mollit animid est laborum.Phasellus imperdiet lacinia nulla, malesuada semper nibh sodales quis, Duis viverra ipsum dictum.<\/p>\n\n\n\n\n\n\n\n\n\n\n<p style=\"text-align: left;font-size: 14px\">Excepteur sint occaecat cupidatat non proident, suntin culpa qui officia deserunt mollit animid est laborum.Phasellus imperdiet lacinia nulla, malesuada semper nibh sodales quis, Duis viverra ipsum dictum.<\/p>\n\n\n\n\n","protected":false},"excerpt":{"rendered":"","protected":false},"author":0,"featured_media":0,"parent":0,"menu_order":0,"comment_status":"closed","ping_status":"closed","template":"","meta":[],"_links":{"self":[{"href":"https:\/\/site.sigmasolucoes.ind.br\/wp\/wp-json\/wp\/v2\/pages\/39"}],"collection":[{"href":"https:\/\/site.sigmasolucoes.ind.br\/wp\/wp-json\/wp\/v2\/pages"}],"about":[{"href":"https:\/\/site.sigmasolucoes.ind.br\/wp\/wp-json\/wp\/v2\/types\/page"}],"replies":[{"embeddable":true,"href":"https:\/\/site.sigmasolucoes.ind.br\/wp\/wp-json\/wp\/v2\/comments?post=39"}],"version-history":[{"count":6,"href":"https:\/\/site.sigmasolucoes.ind.br\/wp\/wp-json\/wp\/v2\/pages\/39\/revisions"}],"predecessor-version":[{"id":59,"href":"https:\/\/site.sigmasolucoes.ind.br\/wp\/wp-json\/wp\/v2\/pages\/39\/revisions\/59"}],"wp:attachment":[{"href":"https:\/\/site.sigmasolucoes.ind.br\/wp\/wp-json\/wp\/v2\/media?parent=39"}],"curies":[{"name":"wp","href":"https:\/\/api.w.org\/{rel}","templated":true}]}}